{"id":7,"date":"2025-09-08T18:01:43","date_gmt":"2025-09-08T18:01:43","guid":{"rendered":"https:\/\/aglobud.pl\/?page_id=7"},"modified":"2025-09-08T18:02:50","modified_gmt":"2025-09-08T18:02:50","slug":"strona-glowna","status":"publish","type":"page","link":"https:\/\/aglobud.pl\/","title":{"rendered":"Strona g\u0142\u00f3wna"},"content":{"rendered":"        <section class=\"page-section bg-light portfolio\" id=\"inwestycje\">\n            <div class=\"container\">\n                <div class=\"text-center\">\n                    <h2 class=\"section-heading text-uppercase\">Inwestycje<\/h2>\n                    <h3 class=\"section-subheading text-muted\">Aktualne przedsi\u0119wzi\u0119cia deweloperskie<\/h3>\n                <\/div>\n                <div class=\"row\">\n\t\t\t\t\t\t\t\t\t\t\t\t\t\t\t\t\t\t\n\t\t\t\t\t\t\t\n\t\t\t\t\t\t\t<div class=\"col-lg-4 col-sm-6 mb-4\">\n\t\t\t\t\t\t\t\t<div class=\"portfolio-item\">\n\t\t\t\t\t\t\t\t\t<a class=\"portfolio-link\" href=\"https:\/\/aglobud.pl\/?investitions=osiedle-debowy-park\">\n\t\t\t\t\t\t\t\t\t\t<div class=\"portfolio-hover\">\n\t\t\t\t\t\t\t\t\t\t\t<div class=\"portfolio-hover-content\"><i class=\"fas fa-plus fa-3x\"><\/i><\/div>\n\t\t\t\t\t\t\t\t\t\t<\/div>\n\t\t\t\t\t\t\t\t\t\t<img decoding=\"async\" class=\"img-fluid\" src=\"https:\/\/aglobud.pl\/wp-content\/uploads\/2025\/09\/WIZ-m-1024x556.jpg\" alt=\"&#8222;Osiedle D\u0119bowy Park&#8221;\" \/>\n\t\t\t\t\t\t\t\t\t<\/a>\n\t\t\t\t\t\t\t\t\t<div class=\"portfolio-caption\">\n\t\t\t\t\t\t\t\t\t\t<div class=\"portfolio-caption-heading\">&#8222;Osiedle D\u0119bowy Park&#8221;<\/div>\n\t\t\t\t\t\t\t\t\t\t<div class=\"portfolio-caption-subheading text-muted\">W sprzeda\u017cy mieszkania na parterze o pow. 64,83 m2 w cenie 649.000,00 z\u0142 i mieszkania na I pi\u0119trze 66,44 m2 w cenie 699.000,00 z\u0142   <\/div>\n\t\t\t\t\t\t\t\t\t<\/div>\n\t\t\t\t\t\t\t\t<\/div>\n\t\t\t\t\t\t\t<\/div>\n\t\t\t\t\t\t\t\t\t\t\t\t\t\n\t\t\t\t\t\t\t\n\t\t\t\t\t\t\t<div class=\"col-lg-4 col-sm-6 mb-4\">\n\t\t\t\t\t\t\t\t<div class=\"portfolio-item\">\n\t\t\t\t\t\t\t\t\t<a class=\"portfolio-link\" href=\"https:\/\/aglobud.pl\/?investitions=krubin-ul-mieczyslawa-mroza\">\n\t\t\t\t\t\t\t\t\t\t<div class=\"portfolio-hover\">\n\t\t\t\t\t\t\t\t\t\t\t<div class=\"portfolio-hover-content\"><i class=\"fas fa-plus fa-3x\"><\/i><\/div>\n\t\t\t\t\t\t\t\t\t\t<\/div>\n\t\t\t\t\t\t\t\t\t\t<img decoding=\"async\" class=\"img-fluid\" src=\"https:\/\/aglobud.pl\/wp-content\/uploads\/2025\/09\/rubin-A.jpg\" alt=\"Krubin, ul. M. Mroza\" \/>\n\t\t\t\t\t\t\t\t\t<\/a>\n\t\t\t\t\t\t\t\t\t<div class=\"portfolio-caption\">\n\t\t\t\t\t\t\t\t\t\t<div class=\"portfolio-caption-heading\">Krubin, ul. M. Mroza<\/div>\n\t\t\t\t\t\t\t\t\t\t<div class=\"portfolio-caption-subheading text-muted\">Lokalizacja zapewnia spok\u00f3j i komfort, a jednocze\u015bnie umo\u017cliwia szybki i \u0142atwy dojazd do Warszawy i okolic dzi\u0119ki pobliskiej stacji PKP.<\/div>\n\t\t\t\t\t\t\t\t\t<\/div>\n\t\t\t\t\t\t\t\t<\/div>\n\t\t\t\t\t\t\t<\/div>\n\t\t\t\t\t\t\t\t\t\t\t\t\t\n\t\t\t\t\t\t\t\n\t\t\t\t\t\t\t<div class=\"col-lg-4 col-sm-6 mb-4\">\n\t\t\t\t\t\t\t\t<div class=\"portfolio-item\">\n\t\t\t\t\t\t\t\t\t<a class=\"portfolio-link\" href=\"https:\/\/aglobud.pl\/?investitions=inwestycja-1\">\n\t\t\t\t\t\t\t\t\t\t<div class=\"portfolio-hover\">\n\t\t\t\t\t\t\t\t\t\t\t<div class=\"portfolio-hover-content\"><i class=\"fas fa-plus fa-3x\"><\/i><\/div>\n\t\t\t\t\t\t\t\t\t\t<\/div>\n\t\t\t\t\t\t\t\t\t\t<img decoding=\"async\" class=\"img-fluid\" src=\"https:\/\/aglobud.pl\/wp-content\/uploads\/2025\/09\/WIZ_B2_FRONT-1024x496.jpg\" alt=\"Trzciany, ul. Koralowa\" \/>\n\t\t\t\t\t\t\t\t\t<\/a>\n\t\t\t\t\t\t\t\t\t<div class=\"portfolio-caption\">\n\t\t\t\t\t\t\t\t\t\t<div class=\"portfolio-caption-heading\">Trzciany, ul. Koralowa<\/div>\n\t\t\t\t\t\t\t\t\t\t<div class=\"portfolio-caption-subheading text-muted\">Do zaoferowania Pa\u0144stwu mamy osiedle w Trzcianach przy ul. Koralowej (dojazd ul. Granitow\u0105).<\/div>\n\t\t\t\t\t\t\t\t\t<\/div>\n\t\t\t\t\t\t\t\t<\/div>\n\t\t\t\t\t\t\t<\/div>\n\t\t\t\t\t\t\t\t\t\t\t\n\t\t\t\t\t                <\/div>\n            <\/div>\n        <\/section>\n        \n\n\n        <section class=\"page-section contact\" id=\"kontakt\" style=\"background-image:url(https:\/\/aglobud.pl\/wp-content\/uploads\/2025\/09\/ai-generated-9104181_1920.jpg);\">\n            <div class=\"container\">\n                <div class=\"text-center\">\n                    <h2 class=\"section-heading text-uppercase\">Dane kontaktowe<\/h2>\n                    <h3 class=\"section-subheading text-muted\">Zapraszamy do kontaktu<\/h3>\n                <\/div>\n\n\t\t\t\t<div class=\"row align-items-stretch mb-5\">\n\t\t\t\t\t<div class=\"row gy-5\">\n\n\t\t\t\t\t\t<!-- Dane firmy -->\n\t\t\t\t\t\t<div class=\"col-md-4\">\n\t\t\t\t\t\t\t\n\n\t\t\t\t\t\t\t\n\t\t\t\t\t\t\t<!-- <h4 class=\"f-big fw-bold mb-3\">Deweloper<\/h4> -->\n\t\t\t\t\t\t\t\n\t\t\t\t\t\t\t<a class=\"d-block mb-2 col-6\" href=\"https:\/\/aglobud.pl\/\">\n\t\t\t\t\t\t\t\t<img decoding=\"async\" class=\"w-100\" src=\"https:\/\/aglobud.pl\/wp-content\/uploads\/2025\/09\/cropped-aglobud-biale.png\" alt=\"...\" \/>\n\t\t\t\t\t\t\t<\/a>\n\t\t\t\t\t\t\t\n\t\t\t\t\t\t\t<p ><strong>&quot;Aglo-Bud&quot; Janusz Pietruszka Sk\u0142ad Materia\u0142\u00f3w Budowlanych<\/strong><\/p>\n\t\t\t\t\t\t\t\t\t\t\t\t\t\t\t<p class=\"mb-1\">Dzia\u0142alno\u015b\u0107 Gospodarcza<\/p>\n\t\t\t\t\t\t\t\t\t\t\t\t\t\t<p class=\"mb-1\">NIP: 5361274394<\/p>\n\t\t\t\t\t\t\t\t\t\t\t\t\t\t\t<p class=\"mb-1\">REGON: 015487230<\/p>\n\t\t\t\t\t\t\t\t\t\t\t\t\t\t\t\t\t\t\t\t\t\t\t\t\t\t\t<\/div>\n\n\t\t\t\t\t\t<!-- Adresy -->\n\t\t\t\t\t\t<div class=\"col-md-4\">\n\t\t\t\t\t\t\t<h4 class=\"fw-bold mb-3\">Adresy<\/h4>\n\t\t\t\t\t\t\t<p class=\"mb-2\"><strong>Siedziba:<\/strong><br>\u0141\u0119czna 61, 05-100, Nowy Dw\u00f3r Mazowiecki<\/p>\n\t\t\t\t\t\t\t<p class=\"mb-2\"><strong>Sprzeda\u017c:<\/strong><br>ul. Warszawska 98, 05-123, Olszewnica Stara<\/p>\n\t\t\t\t\t\t\t\t\t\t\t\t\t<\/div>\n\n\t\t\t\t\t\t<!-- Kontakt -->\n\t\t\t\t\t\t<div class=\"col-md-4\">\n\t\t\t\t\t\t\t<h4 class=\"fw-bold mb-3\">Kontakt<\/h4>\n\t\t\t\t\t\t\t\t\t\t\t\t\t\t\t\t\t\t\t\t\t\t\t\t<p class=\"mb-1\">\n\t\t\t\t\t\t\t\t\t\t<i class=\"fa fa-phone\"><\/i>\n\t\t\t\t\t\t\t\t\t\t<a href=\"tel:609-400-050\">\n\t\t\t\t\t\t\t\t\t\t\t609-400-050\t\t\t\t\t\t\t\t\t\t<\/a>\n\t\t\t\t\t\t\t\t\t\t\t\t\t\t\t\t\t\t\t\t\t<small class=\"text-muted\"> (BIURO SPRZEDA\u017bY)<\/small>\n\t\t\t\t\t\t\t\t\t\t\t\t\t\t\t\t\t\t\t<\/p>\n\t\t\t\t\t\t\t\t\t\t\t\t\t\t\t\t\t<p class=\"mb-1\">\n\t\t\t\t\t\t\t\t\t\t<i class=\"fa fa-phone\"><\/i>\n\t\t\t\t\t\t\t\t\t\t<a href=\"tel:692-232-900\">\n\t\t\t\t\t\t\t\t\t\t\t692-232-900 \t\t\t\t\t\t\t\t\t\t<\/a>\n\t\t\t\t\t\t\t\t\t\t\t\t\t\t\t\t\t\t\t\t\t<small class=\"text-muted\"> (BIURO SPRZEDA\u017bY)<\/small>\n\t\t\t\t\t\t\t\t\t\t\t\t\t\t\t\t\t\t\t<\/p>\n\t\t\t\t\t\t\t\t\t\t\t\t\t\t\t\t\t<p class=\"mb-1\">\n\t\t\t\t\t\t\t\t\t\t<i class=\"fa fa-phone\"><\/i>\n\t\t\t\t\t\t\t\t\t\t<a href=\"tel:608-416-216\">\n\t\t\t\t\t\t\t\t\t\t\t 608-416-216\t\t\t\t\t\t\t\t\t\t<\/a>\n\t\t\t\t\t\t\t\t\t\t\t\t\t\t\t\t\t\t\t\t\t<small class=\"text-muted\"> (BIURO SPRZEDA\u017bY)<\/small>\n\t\t\t\t\t\t\t\t\t\t\t\t\t\t\t\t\t\t\t<\/p>\n\t\t\t\t\t\t\t\t\t\t\t\t\t\t\t\t\t\t\t\t\t\t\t\t\t\t\t\t\t\t<p class=\"mb-1\"><i class=\"fa fa-envelope\"><\/i> <a href=\"mailto:aglobud@gmail.com\">aglobud@gmail.com<\/a><\/p>\n\t\t\t\t\t\t\t\t\t\t\t\t\t\t\t\t\t\t\t\t\t\t\t\t\t\t\t\t\t<p class=\"mb-1\"><i class=\"fa fa-globe\"><\/i> <a href=\"http:\/\/www.aglobud.pl\" target=\"_blank\">www.aglobud.pl<\/a><\/p>\n\t\t\t\t\t\t\t\t\t\t\t\t\t\t\t\t\t\t\t\t\t\t<p class=\"mt-2\"><small><em>Preferowany kontakt: prosimy o wcze\u015bniejsze telefoniczne umawianie wizyty<\/em><\/small><\/p>\n\t\t\t\t\t\t\t\t\t\t\t\t\t<\/div>\n\n\t\t\t\t\t<\/div>\n\t\t\t\t<\/div>\n\t\t\t<\/div>\n\t\t<\/section>\n        \n","protected":false},"excerpt":{"rendered":"","protected":false},"author":1,"featured_media":0,"parent":0,"menu_order":0,"comment_status":"closed","ping_status":"closed","template":"","meta":{"footnotes":""},"class_list":["post-7","page","type-page","status-publish","hentry"],"yoast_head":"<!-- This site is optimized with the Yoast SEO plugin v27.5 - https:\/\/yoast.com\/product\/yoast-seo-wordpress\/ -->\n<title>Strona g\u0142\u00f3wna - &quot;Aglo-Bud&quot;<\/title>\n<meta name=\"robots\" content=\"index, follow, max-snippet:-1, max-image-preview:large, max-video-preview:-1\" \/>\n<link rel=\"canonical\" href=\"https:\/\/aglobud.pl\/\" \/>\n<meta property=\"og:locale\" content=\"pl_PL\" \/>\n<meta property=\"og:type\" content=\"article\" \/>\n<meta property=\"og:title\" content=\"Strona g\u0142\u00f3wna - &quot;Aglo-Bud&quot;\" \/>\n<meta property=\"og:url\" content=\"https:\/\/aglobud.pl\/\" \/>\n<meta property=\"og:site_name\" content=\"&quot;Aglo-Bud&quot;\" \/>\n<meta property=\"article:modified_time\" content=\"2025-09-08T18:02:50+00:00\" \/>\n<meta name=\"twitter:card\" content=\"summary_large_image\" \/>\n<script type=\"application\/ld+json\" class=\"yoast-schema-graph\">{\"@context\":\"https:\\\/\\\/schema.org\",\"@graph\":[{\"@type\":\"WebPage\",\"@id\":\"https:\\\/\\\/aglobud.pl\\\/\",\"url\":\"https:\\\/\\\/aglobud.pl\\\/\",\"name\":\"Strona g\u0142\u00f3wna - &quot;Aglo-Bud&quot;\",\"isPartOf\":{\"@id\":\"https:\\\/\\\/aglobud.pl\\\/#website\"},\"datePublished\":\"2025-09-08T18:01:43+00:00\",\"dateModified\":\"2025-09-08T18:02:50+00:00\",\"breadcrumb\":{\"@id\":\"https:\\\/\\\/aglobud.pl\\\/#breadcrumb\"},\"inLanguage\":\"pl-PL\",\"potentialAction\":[{\"@type\":\"ReadAction\",\"target\":[\"https:\\\/\\\/aglobud.pl\\\/\"]}]},{\"@type\":\"BreadcrumbList\",\"@id\":\"https:\\\/\\\/aglobud.pl\\\/#breadcrumb\",\"itemListElement\":[{\"@type\":\"ListItem\",\"position\":1,\"name\":\"Home\",\"item\":\"https:\\\/\\\/aglobud.pl\\\/\"},{\"@type\":\"ListItem\",\"position\":2,\"name\":\"Strona g\u0142\u00f3wna\"}]},{\"@type\":\"WebSite\",\"@id\":\"https:\\\/\\\/aglobud.pl\\\/#website\",\"url\":\"https:\\\/\\\/aglobud.pl\\\/\",\"name\":\"&quot;Aglo-Bud&quot;\",\"description\":\" Sk\u0142ad Materia\u0142\u00f3w Budowalnych Janusz Pieruszka\",\"publisher\":{\"@id\":\"https:\\\/\\\/aglobud.pl\\\/#organization\"},\"potentialAction\":[{\"@type\":\"SearchAction\",\"target\":{\"@type\":\"EntryPoint\",\"urlTemplate\":\"https:\\\/\\\/aglobud.pl\\\/?s={search_term_string}\"},\"query-input\":{\"@type\":\"PropertyValueSpecification\",\"valueRequired\":true,\"valueName\":\"search_term_string\"}}],\"inLanguage\":\"pl-PL\"},{\"@type\":\"Organization\",\"@id\":\"https:\\\/\\\/aglobud.pl\\\/#organization\",\"name\":\"&quot;Aglo-Bud&quot;\",\"url\":\"https:\\\/\\\/aglobud.pl\\\/\",\"logo\":{\"@type\":\"ImageObject\",\"inLanguage\":\"pl-PL\",\"@id\":\"https:\\\/\\\/aglobud.pl\\\/#\\\/schema\\\/logo\\\/image\\\/\",\"url\":\"https:\\\/\\\/aglobud.pl\\\/wp-content\\\/uploads\\\/2025\\\/09\\\/cropped-aglobud-biale.png\",\"contentUrl\":\"https:\\\/\\\/aglobud.pl\\\/wp-content\\\/uploads\\\/2025\\\/09\\\/cropped-aglobud-biale.png\",\"width\":844,\"height\":507,\"caption\":\"&quot;Aglo-Bud&quot; \"},\"image\":{\"@id\":\"https:\\\/\\\/aglobud.pl\\\/#\\\/schema\\\/logo\\\/image\\\/\"}}]}<\/script>\n<!-- \/ Yoast SEO plugin. -->","yoast_head_json":{"title":"Strona g\u0142\u00f3wna - &quot;Aglo-Bud&quot;","robots":{"index":"index","follow":"follow","max-snippet":"max-snippet:-1","max-image-preview":"max-image-preview:large","max-video-preview":"max-video-preview:-1"},"canonical":"https:\/\/aglobud.pl\/","og_locale":"pl_PL","og_type":"article","og_title":"Strona g\u0142\u00f3wna - &quot;Aglo-Bud&quot;","og_url":"https:\/\/aglobud.pl\/","og_site_name":"&quot;Aglo-Bud&quot;","article_modified_time":"2025-09-08T18:02:50+00:00","twitter_card":"summary_large_image","schema":{"@context":"https:\/\/schema.org","@graph":[{"@type":"WebPage","@id":"https:\/\/aglobud.pl\/","url":"https:\/\/aglobud.pl\/","name":"Strona g\u0142\u00f3wna - &quot;Aglo-Bud&quot;","isPartOf":{"@id":"https:\/\/aglobud.pl\/#website"},"datePublished":"2025-09-08T18:01:43+00:00","dateModified":"2025-09-08T18:02:50+00:00","breadcrumb":{"@id":"https:\/\/aglobud.pl\/#breadcrumb"},"inLanguage":"pl-PL","potentialAction":[{"@type":"ReadAction","target":["https:\/\/aglobud.pl\/"]}]},{"@type":"BreadcrumbList","@id":"https:\/\/aglobud.pl\/#breadcrumb","itemListElement":[{"@type":"ListItem","position":1,"name":"Home","item":"https:\/\/aglobud.pl\/"},{"@type":"ListItem","position":2,"name":"Strona g\u0142\u00f3wna"}]},{"@type":"WebSite","@id":"https:\/\/aglobud.pl\/#website","url":"https:\/\/aglobud.pl\/","name":"&quot;Aglo-Bud&quot;","description":" Sk\u0142ad Materia\u0142\u00f3w Budowalnych Janusz Pieruszka","publisher":{"@id":"https:\/\/aglobud.pl\/#organization"},"potentialAction":[{"@type":"SearchAction","target":{"@type":"EntryPoint","urlTemplate":"https:\/\/aglobud.pl\/?s={search_term_string}"},"query-input":{"@type":"PropertyValueSpecification","valueRequired":true,"valueName":"search_term_string"}}],"inLanguage":"pl-PL"},{"@type":"Organization","@id":"https:\/\/aglobud.pl\/#organization","name":"&quot;Aglo-Bud&quot;","url":"https:\/\/aglobud.pl\/","logo":{"@type":"ImageObject","inLanguage":"pl-PL","@id":"https:\/\/aglobud.pl\/#\/schema\/logo\/image\/","url":"https:\/\/aglobud.pl\/wp-content\/uploads\/2025\/09\/cropped-aglobud-biale.png","contentUrl":"https:\/\/aglobud.pl\/wp-content\/uploads\/2025\/09\/cropped-aglobud-biale.png","width":844,"height":507,"caption":"&quot;Aglo-Bud&quot; "},"image":{"@id":"https:\/\/aglobud.pl\/#\/schema\/logo\/image\/"}}]}},"_links":{"self":[{"href":"https:\/\/aglobud.pl\/index.php?rest_route=\/wp\/v2\/pages\/7","targetHints":{"allow":["GET"]}}],"collection":[{"href":"https:\/\/aglobud.pl\/index.php?rest_route=\/wp\/v2\/pages"}],"about":[{"href":"https:\/\/aglobud.pl\/index.php?rest_route=\/wp\/v2\/types\/page"}],"author":[{"embeddable":true,"href":"https:\/\/aglobud.pl\/index.php?rest_route=\/wp\/v2\/users\/1"}],"replies":[{"embeddable":true,"href":"https:\/\/aglobud.pl\/index.php?rest_route=%2Fwp%2Fv2%2Fcomments&post=7"}],"version-history":[{"count":2,"href":"https:\/\/aglobud.pl\/index.php?rest_route=\/wp\/v2\/pages\/7\/revisions"}],"predecessor-version":[{"id":11,"href":"https:\/\/aglobud.pl\/index.php?rest_route=\/wp\/v2\/pages\/7\/revisions\/11"}],"wp:attachment":[{"href":"https:\/\/aglobud.pl\/index.php?rest_route=%2Fwp%2Fv2%2Fmedia&parent=7"}],"curies":[{"name":"wp","href":"https:\/\/api.w.org\/{rel}","templated":true}]}}